{"id":375,"date":"2017-07-07T12:48:03","date_gmt":"2017-07-07T09:48:03","guid":{"rendered":"https:\/\/www.haveronlohi.fi\/?page_id=375\/"},"modified":"2017-07-07T13:45:49","modified_gmt":"2017-07-07T10:45:49","slug":"miljo","status":"publish","type":"page","link":"https:\/\/www.haveronlohi.fi\/sv\/miljo\/","title":{"rendered":"Milj\u00f6"},"content":{"rendered":"<p>[et_pb_section bb_built=&#8221;1&#8243; fullwidth=&#8221;on&#8221; specialty=&#8221;off&#8221;][et_pb_fullwidth_header _builder_version=&#8221;3.0.60&#8243; text_orientation=&#8221;left&#8221; header_fullscreen=&#8221;off&#8221; header_scroll_down=&#8221;off&#8221; image_orientation=&#8221;center&#8221; background_layout=&#8221;dark&#8221; content_orientation=&#8221;center&#8221; custom_button_two=&#8221;off&#8221; button_two_letter_spacing=&#8221;0&#8243; button_two_icon_placement=&#8221;right&#8221; button_two_letter_spacing_hover=&#8221;0&#8243; custom_button_one=&#8221;off&#8221; button_one_letter_spacing=&#8221;0&#8243; button_one_icon_placement=&#8221;right&#8221; button_one_letter_spacing_hover=&#8221;0&#8243; background_image=&#8221;https:\/\/www.haveronlohi.fi\/wp-content\/uploads\/2017\/06\/kirjolohi.jpg&#8221; title_font_size=&#8221;40px&#8221; custom_css_main_element=&#8221;min-height: 420px !important;&#8221; \/][\/et_pb_section][et_pb_section bb_built=&#8221;1&#8243;][et_pb_row][et_pb_column type=&#8221;1_2&#8243;][et_pb_text _builder_version=&#8221;3.0.60&#8243; background_layout=&#8221;light&#8221; text_orientation=&#8221;left&#8221; border_style=&#8221;solid&#8221;]<\/p>\n<p>&nbsp;<\/p>\n<h1>Milj\u00f6<\/h1>\n<p>Haver\u00f6 Lohi Oy:s ledmotiv \u00e4r fiskens och milj\u00f6ns v\u00e4lbefinnande! D\u00e4rf\u00f6r har vi under de senaste \u00e5ren investerat i en m\u00e4ngd olika aktiviteter f\u00f6r att st\u00f6dja olika milj\u00f6projekt. Bland annat d\u00e5 p\u00e5 en biologiskkemisk avloppsvattenrening (som biprodukt ur komposten) samt p\u00e5 en ny innovation som kallas \u00d6stersj\u00f6foder som nu \u00e4r ibruk och under testning. Man kan s\u00e4ga att utvecklingsarbetet \u00e4r kontinuerligt och sker helt p\u00e5 milj\u00f6ns villkor .<\/p>\n<h3>Fiskodlingens belastning p\u00e5 vattendragen \u00e4r liten<\/h3>\n<p>&#8221;Fiskodlingens totalbelastning samt den driftskarakteristika belastningen har sjunkit betydligt sedan b\u00f6rjan av 1990-talet. \u00d6verg\u00f6dningseffekten som f\u00f6ljd av laxodlingens produktionskedja minskade med 26 procent i f\u00f6rh\u00e5llande till produktionsgraden i Finland under \u00e5ren 2002-2009. Fiskodlingens del st\u00e5r f\u00f6r 1-2 procent av n\u00e4ringsbelastningen av vattendrag&#8221;<\/p>\n<p>Mer om \u00e4mnet: <a href=\"http:\/\/www.kalankasvatus.fi\/kalanviljely\/kalanviljely-ja-ymparisto\/\" target=\"_blank\" rel=\"noopener\">Finlands fiskodlarf\u00f6rbund rf<\/a><\/p>\n<p>&nbsp;<\/p>\n<p>&nbsp;<\/p>\n<p>[\/et_pb_text][\/et_pb_column][et_pb_column type=&#8221;1_2&#8243;][et_pb_image _builder_version=&#8221;3.0.59&#8243; src=&#8221;https:\/\/www.haveronlohi.fi\/wp-content\/uploads\/2017\/06\/rehun-k\u00e4ytt\u00f6.jpg&#8221; show_in_lightbox=&#8221;off&#8221; url_new_window=&#8221;off&#8221; use_overlay=&#8221;off&#8221; sticky=&#8221;off&#8221; align=&#8221;left&#8221; always_center_on_mobile=&#8221;on&#8221; border_style=&#8221;solid&#8221; force_fullwidth=&#8221;off&#8221; \/][\/et_pb_column][\/et_pb_row][\/et_pb_section]<\/p>\n","protected":false},"excerpt":{"rendered":"<p><div class=\"et_pb_row et_pb_row_0 et_pb_row_empty\">\n\t\t\t\t\n\t\t\t\t\n\t\t\t\t\n\t\t\t\t\n\t\t\t\t\n\t\t\t<\/div> &nbsp; Milj\u00f6 Haver\u00f6 Lohi Oy:s ledmotiv \u00e4r fiskens och milj\u00f6ns v\u00e4lbefinnande! D\u00e4rf\u00f6r har vi under de senaste \u00e5ren investerat i en m\u00e4ngd olika aktiviteter f\u00f6r att st\u00f6dja olika milj\u00f6projekt. Bland annat d\u00e5 p\u00e5 en biologiskkemisk avloppsvattenrening (som biprodukt ur komposten) samt p\u00e5 en ny innovation som kallas \u00d6stersj\u00f6foder som nu \u00e4r ibruk och under [&hellip;]<\/p>\n","protected":false},"author":1,"featured_media":0,"parent":0,"menu_order":0,"comment_status":"closed","ping_status":"closed","template":"","meta":{"_et_pb_use_builder":"on","_et_pb_old_content":"<p>Toimintamme johtoajatuksena on kalan ja ymp\u00e4rist\u00f6n hyvinvointi! Niinp\u00e4 olemmekin investoineet viime vuosina runsaasti toimintaa tukeviin eri ymp\u00e4rist\u00f6henkkeisiin m.m. biologiskemiallinen j\u00e4tevedenpuhdistamo-sivutuote kompostoreineen sek\u00e4 uutena innovaationa ns. it\u00e4meririehu k\u00e4yt\u00f6ss\u00e4 ja kokeilussa. Voidaankin sanoa kehitysty\u00f6n jatkuvaa ymp\u00e4rist\u00f6n ehdoilla.<\/p>","_et_gb_content_width":"","footnotes":""},"class_list":["post-375","page","type-page","status-publish","hentry"],"_links":{"self":[{"href":"https:\/\/www.haveronlohi.fi\/sv\/wp-json\/wp\/v2\/pages\/375","targetHints":{"allow":["GET"]}}],"collection":[{"href":"https:\/\/www.haveronlohi.fi\/sv\/wp-json\/wp\/v2\/pages"}],"about":[{"href":"https:\/\/www.haveronlohi.fi\/sv\/wp-json\/wp\/v2\/types\/page"}],"author":[{"embeddable":true,"href":"https:\/\/www.haveronlohi.fi\/sv\/wp-json\/wp\/v2\/users\/1"}],"replies":[{"embeddable":true,"href":"https:\/\/www.haveronlohi.fi\/sv\/wp-json\/wp\/v2\/comments?post=375"}],"version-history":[{"count":0,"href":"https:\/\/www.haveronlohi.fi\/sv\/wp-json\/wp\/v2\/pages\/375\/revisions"}],"wp:attachment":[{"href":"https:\/\/www.haveronlohi.fi\/sv\/wp-json\/wp\/v2\/media?parent=375"}],"curies":[{"name":"wp","href":"https:\/\/api.w.org\/{rel}","templated":true}]}}