{"id":363,"date":"2017-07-07T10:15:07","date_gmt":"2017-07-07T07:15:07","guid":{"rendered":"https:\/\/www.haveronlohi.fi\/?page_id=363\/"},"modified":"2017-07-07T13:42:28","modified_gmt":"2017-07-07T10:42:28","slug":"historia","status":"publish","type":"page","link":"https:\/\/www.haveronlohi.fi\/sv\/historia\/","title":{"rendered":"Historia"},"content":{"rendered":"<p>[et_pb_section bb_built=&#8221;1&#8243; fullwidth=&#8221;on&#8221; specialty=&#8221;off&#8221;][et_pb_fullwidth_header _builder_version=&#8221;3.0.59&#8243; background_image=&#8221;https:\/\/www.haveronlohi.fi\/wp-content\/uploads\/2017\/06\/kalankasvatusallas.jpg&#8221; text_orientation=&#8221;left&#8221; header_fullscreen=&#8221;off&#8221; header_scroll_down=&#8221;off&#8221; image_orientation=&#8221;center&#8221; background_layout=&#8221;light&#8221; content_orientation=&#8221;center&#8221; custom_button_two=&#8221;off&#8221; button_two_letter_spacing=&#8221;0&#8243; button_two_icon_placement=&#8221;right&#8221; button_two_letter_spacing_hover=&#8221;0&#8243; custom_button_one=&#8221;off&#8221; button_one_letter_spacing=&#8221;0&#8243; button_one_icon_placement=&#8221;right&#8221; button_one_letter_spacing_hover=&#8221;0&#8243; custom_css_main_element=&#8221;min-height: 480px !important;&#8221; \/][\/et_pb_section][et_pb_section bb_built=&#8221;1&#8243;][et_pb_row][et_pb_column type=&#8221;2_3&#8243;][et_pb_text _builder_version=&#8221;3.0.60&#8243; background_layout=&#8221;light&#8221; text_orientation=&#8221;left&#8221; border_style=&#8221;solid&#8221;]<\/p>\n<p>&nbsp;<\/p>\n<h1>Historia<\/h1>\n<p>Haver\u00f6s verksamhet startades \u00e5r 1984 i Nagu. Med familjef\u00f6retagets passion f\u00f6r fiske och fiskprodukter som drivkraft kan vi serva v\u00e5ra finska samt utl\u00e4nska fisk- och fiskromsv\u00e4nner med landets b\u00e4sta produkter.<\/p>\n<p>Verksamheten har \u00e5rligen utvecklats och utvecklingsarbetet forts\u00e4tter kontinuerligt f\u00f6r att vi ska kunna bibeh\u00e5lla v\u00e5r position som b\u00e4st i v\u00e5r bransch.<\/p>\n<p>Den landsber\u00f6mda Haver\u00f6 fiskrommen \u00e4r endast en indikation p\u00e5 v\u00e5r goda produktkvalitet och v\u00e5rt kunnande.<\/p>\n<p>&nbsp;<\/p>\n<p>[\/et_pb_text][\/et_pb_column][et_pb_column type=&#8221;1_3&#8243;][\/et_pb_column][\/et_pb_row][\/et_pb_section]<\/p>\n","protected":false},"excerpt":{"rendered":"<p><div class=\"et_pb_row et_pb_row_0 et_pb_row_empty\">\n\t\t\t\t\n\t\t\t\t\n\t\t\t\t\n\t\t\t\t\n\t\t\t\t\n\t\t\t<\/div> &nbsp; Historia Haver\u00f6s verksamhet startades \u00e5r 1984 i Nagu. Med familjef\u00f6retagets passion f\u00f6r fiske och fiskprodukter som drivkraft kan vi serva v\u00e5ra finska samt utl\u00e4nska fisk- och fiskromsv\u00e4nner med landets b\u00e4sta produkter. Verksamheten har \u00e5rligen utvecklats och utvecklingsarbetet forts\u00e4tter kontinuerligt f\u00f6r att vi ska kunna bibeh\u00e5lla v\u00e5r position som b\u00e4st i v\u00e5r bransch. Den [&hellip;]<\/p>\n","protected":false},"author":1,"featured_media":0,"parent":0,"menu_order":0,"comment_status":"closed","ping_status":"closed","template":"","meta":{"_et_pb_use_builder":"on","_et_pb_old_content":"Haver\u00f6n toiminta on aloitettu 1984 Nauvossa perheyrityksen intohimolla kalaan ja kalatuotteisiin palveleksamme suomalaisia ja ulkomaisia kalan ja m\u00e4din yst\u00e4vi\u00e4 maan parhailla tuotteilla.\r\n\r\nToimintaa kehitetty vuosittain ja kehitysty\u00f6 jatkuu ollaksemme edelleen parhaita alallamme.\r\n\r\nMaankuulu Haver\u00f6n m\u00e4ti on vain yksi osoitus hyv\u00e4st\u00e4 laadustamme ja osaamisestamme.","_et_gb_content_width":"","footnotes":""},"class_list":["post-363","page","type-page","status-publish","hentry"],"_links":{"self":[{"href":"https:\/\/www.haveronlohi.fi\/sv\/wp-json\/wp\/v2\/pages\/363","targetHints":{"allow":["GET"]}}],"collection":[{"href":"https:\/\/www.haveronlohi.fi\/sv\/wp-json\/wp\/v2\/pages"}],"about":[{"href":"https:\/\/www.haveronlohi.fi\/sv\/wp-json\/wp\/v2\/types\/page"}],"author":[{"embeddable":true,"href":"https:\/\/www.haveronlohi.fi\/sv\/wp-json\/wp\/v2\/users\/1"}],"replies":[{"embeddable":true,"href":"https:\/\/www.haveronlohi.fi\/sv\/wp-json\/wp\/v2\/comments?post=363"}],"version-history":[{"count":0,"href":"https:\/\/www.haveronlohi.fi\/sv\/wp-json\/wp\/v2\/pages\/363\/revisions"}],"wp:attachment":[{"href":"https:\/\/www.haveronlohi.fi\/sv\/wp-json\/wp\/v2\/media?parent=363"}],"curies":[{"name":"wp","href":"https:\/\/api.w.org\/{rel}","templated":true}]}}