{"id":428,"date":"2017-07-07T14:29:40","date_gmt":"2017-07-07T11:29:40","guid":{"rendered":"https:\/\/www.haveronlohi.fi\/?page_id=428\/"},"modified":"2020-05-28T14:14:04","modified_gmt":"2020-05-28T11:14:04","slug":"haveron-lohi","status":"publish","type":"page","link":"https:\/\/www.haveronlohi.fi\/ru\/","title":{"rendered":"Haver\u00f6n Lohi"},"content":{"rendered":"<p>[et_pb_section bb_built=&#187;1&#8243; fullwidth=&#187;on&#187; specialty=&#187;off&#187; inner_width=&#187;auto&#187; inner_max_width=&#187;1080px&#187; next_background_color=&#187;#000000&#8243;][et_pb_fullwidth_slider _builder_version=&#187;3.0.61&#8243; show_arrows=&#187;on&#187; show_pagination=&#187;on&#187; parallax=&#187;off&#187; parallax_method=&#187;off&#187; remove_inner_shadow=&#187;off&#187; custom_button=&#187;off&#187; button_letter_spacing=&#187;0&#8243; button_icon_placement=&#187;right&#187; button_letter_spacing_hover=&#187;0&#8243; auto=&#187;off&#187; auto_ignore_hover=&#187;off&#187; hide_content_on_mobile=&#187;off&#187; hide_cta_on_mobile=&#187;off&#187; show_image_video_mobile=&#187;off&#187; custom_padding=&#187;|||&#187; custom_padding_tablet=&#187;|||&#187; custom_padding_phone=&#187;|||&#187; show_inner_shadow=&#187;on&#187; show_content_on_mobile=&#187;on&#187; show_cta_on_mobile=&#187;on&#187; box_shadow_horizontal=&#187;0px&#187; box_shadow_vertical=&#187;0px&#187; box_shadow_blur=&#187;10px&#187; box_shadow_spread=&#187;0px&#187; box_shadow_position=&#187;inner&#187; box_shadow_color=&#187;rgba(0,0,0,0.1)&#187; box_shadow_style=&#187;preset6&#8243; button_text_size__hover_enabled=&#187;off&#187; button_text_size__hover=&#187;null&#187; button_one_text_size__hover_enabled=&#187;off&#187; button_one_text_size__hover=&#187;null&#187; button_two_text_size__hover_enabled=&#187;off&#187; button_two_text_size__hover=&#187;null&#187; button_text_color__hover_enabled=&#187;off&#187; button_text_color__hover=&#187;null&#187; button_one_text_color__hover_enabled=&#187;off&#187; button_one_text_color__hover=&#187;null&#187; button_two_text_color__hover_enabled=&#187;off&#187; button_two_text_color__hover=&#187;null&#187; button_border_width__hover_enabled=&#187;off&#187; button_border_width__hover=&#187;null&#187; button_one_border_width__hover_enabled=&#187;off&#187; button_one_border_width__hover=&#187;null&#187; button_two_border_width__hover_enabled=&#187;off&#187; button_two_border_width__hover=&#187;null&#187; button_border_color__hover_enabled=&#187;off&#187; button_border_color__hover=&#187;null&#187; button_one_border_color__hover_enabled=&#187;off&#187; button_one_border_color__hover=&#187;null&#187; button_two_border_color__hover_enabled=&#187;off&#187; button_two_border_color__hover=&#187;null&#187; button_border_radius__hover_enabled=&#187;off&#187; button_border_radius__hover=&#187;null&#187; button_one_border_radius__hover_enabled=&#187;off&#187; button_one_border_radius__hover=&#187;null&#187; button_two_border_radius__hover_enabled=&#187;off&#187; button_two_border_radius__hover=&#187;null&#187; button_letter_spacing__hover_enabled=&#187;on&#187; button_letter_spacing__hover=&#187;0&#8243; button_one_letter_spacing__hover_enabled=&#187;off&#187; button_one_letter_spacing__hover=&#187;null&#187; button_two_letter_spacing__hover_enabled=&#187;off&#187; button_two_letter_spacing__hover=&#187;null&#187; button_bg_color__hover_enabled=&#187;off&#187; button_bg_color__hover=&#187;null&#187; button_one_bg_color__hover_enabled=&#187;off&#187; button_one_bg_color__hover=&#187;null&#187; button_two_bg_color__hover_enabled=&#187;off&#187; button_two_bg_color__hover=&#187;null&#187;][et_pb_slide heading=&#187;\u0414\u043b\u044f \u043d\u0430\u0441 \u0441\u0432\u0435\u0436\u0430\u044f \u0440\u044b\u0431\u0430 \u2014 \u044d\u0442\u043e \u0432\u043e\u043f\u0440\u043e\u0441 \u0447\u0435\u0441\u0442\u0438!&#187; background_color=&#187;#ffffff&#187; use_background_color_gradient=&#187;off&#187; background_color_gradient_start=&#187;#2b87da&#187; background_color_gradient_end=&#187;#29c4a9&#8243; background_color_gradient_type=&#187;linear&#187; background_color_gradient_direction=&#187;180deg&#187; background_color_gradient_direction_radial=&#187;center&#187; background_color_gradient_start_position=&#187;0%&#187; background_color_gradient_end_position=&#187;100%&#187; parallax=&#187;off&#187; parallax_method=&#187;off&#187; background_position=&#187;center&#187; background_size=&#187;cover&#187; background_repeat=&#187;no-repeat&#187; background_blend=&#187;normal&#187; allow_player_pause=&#187;off&#187; use_bg_overlay=&#187;off&#187; use_text_overlay=&#187;on&#187; text_border_radius=&#187;3&#8243; alignment=&#187;center&#187; background_layout=&#187;dark&#187; header_font_select=&#187;default&#187; header_font=&#187;||||&#187; body_font_select=&#187;default&#187; body_font=&#187;||||&#187; custom_button=&#187;off&#187; button_font_select=&#187;default&#187; button_font=&#187;||||&#187; button_use_icon=&#187;default&#187; button_icon_placement=&#187;right&#187; button_on_hover=&#187;on&#187; background_image=&#187;https:\/\/www.haveronlohi.fi\/wp-content\/uploads\/2017\/06\/50363261_l.jpg&#187; header_line_height=&#187;1.5em&#187; header_line_height_tablet=&#187;1.5em&#187; header_line_height_phone=&#187;1.5em&#187; header_font_size=&#187;40&#8243; header_font_size_tablet=&#187;40&#8243; header_font_size_phone=&#187;40&#8243;]<\/p>\n<p>&#171;Haver\u00f6n Lohi&#187; \u2013 \u0421\u0432\u0435\u0436\u0430\u0439\u0448\u0430\u044f \u0440\u0430\u0434\u0443\u0436\u043d\u0430\u044f \u0444\u043e\u0440\u0435\u043b\u044c \u0434\u043b\u044f \u0432\u0430\u0448\u0435\u0433\u043e \u0441\u0442\u043e\u043b\u0430 \u0438 \u0441\u0432\u0435\u0436\u0430\u044f \u0441\u043e\u043b\u0435\u043d\u0430\u044f \u0438\u043a\u0440\u0430 \u0434\u043b\u044f \u0433\u0443\u0440\u043c\u0430\u043d\u043e\u0432! \u041e\u0447\u0438\u0441\u0442\u043a\u0430, \u0437\u0430\u043c\u043e\u0440\u043e\u0437\u043a\u0430, \u0440\u0430\u0437\u0434\u0435\u043b\u043a\u0430 \u0438 \u0443\u043f\u0430\u043a\u043e\u0432\u043a\u0430 \u0440\u044b\u0431\u044b \u043e\u0441\u0443\u0449\u0435\u0441\u0442\u0432\u043b\u044f\u044e\u0442\u0441\u044f \u0432 \u0434\u0435\u043d\u044c \u043e\u0442\u043f\u0440\u0430\u0432\u043a\u0438 \u043a\u043b\u0438\u0435\u043d\u0442\u0443.<\/p>\n<p>[\/et_pb_slide][\/et_pb_fullwidth_slider][\/et_pb_section][et_pb_section bb_built=&#187;1&#8243; admin_label=&#187;section&#187; inner_width=&#187;auto&#187; inner_max_width=&#187;1080px&#187; prev_background_color=&#187;#000000&#8243;][et_pb_row admin_label=&#187;row&#187; background_position=&#187;top_left&#187; background_repeat=&#187;repeat&#187; background_size=&#187;initial&#187; width=&#187;80%&#187; max_width=&#187;1080px&#187;][et_pb_column type=&#187;2_3&#8243; custom_padding__hover=&#187;|||&#187; custom_padding=&#187;|||&#187;][et_pb_text background_position=&#187;top_left&#187; background_repeat=&#187;repeat&#187; background_size=&#187;initial&#187; _builder_version=&#187;4.4.7&#8243; text_text_shadow_horizontal_length=&#187;text_text_shadow_style,%91object Object%93&#8243; text_text_shadow_horizontal_length_tablet=&#187;0px&#187; text_text_shadow_vertical_length=&#187;text_text_shadow_style,%91object Object%93&#8243; text_text_shadow_vertical_length_tablet=&#187;0px&#187; text_text_shadow_blur_strength=&#187;text_text_shadow_style,%91object Object%93&#8243; text_text_shadow_blur_strength_tablet=&#187;1px&#187; link_text_shadow_horizontal_length=&#187;link_text_shadow_style,%91object Object%93&#8243; link_text_shadow_horizontal_length_tablet=&#187;0px&#187; link_text_shadow_vertical_length=&#187;link_text_shadow_style,%91object Object%93&#8243; link_text_shadow_vertical_length_tablet=&#187;0px&#187; link_text_shadow_blur_strength=&#187;link_text_shadow_style,%91object Object%93&#8243; link_text_shadow_blur_strength_tablet=&#187;1px&#187; ul_text_shadow_horizontal_length=&#187;ul_text_shadow_style,%91object Object%93&#8243; ul_text_shadow_horizontal_length_tablet=&#187;0px&#187; ul_text_shadow_vertical_length=&#187;ul_text_shadow_style,%91object Object%93&#8243; ul_text_shadow_vertical_length_tablet=&#187;0px&#187; ul_text_shadow_blur_strength=&#187;ul_text_shadow_style,%91object Object%93&#8243; ul_text_shadow_blur_strength_tablet=&#187;1px&#187; ol_text_shadow_horizontal_length=&#187;ol_text_shadow_style,%91object Object%93&#8243; ol_text_shadow_horizontal_length_tablet=&#187;0px&#187; ol_text_shadow_vertical_length=&#187;ol_text_shadow_style,%91object Object%93&#8243; ol_text_shadow_vertical_length_tablet=&#187;0px&#187; ol_text_shadow_blur_strength=&#187;ol_text_shadow_style,%91object Object%93&#8243; ol_text_shadow_blur_strength_tablet=&#187;1px&#187; quote_text_shadow_horizontal_length=&#187;quote_text_shadow_style,%91object Object%93&#8243; quote_text_shadow_horizontal_length_tablet=&#187;0px&#187; quote_text_shadow_vertical_length=&#187;quote_text_shadow_style,%91object Object%93&#8243; quote_text_shadow_vertical_length_tablet=&#187;0px&#187; quote_text_shadow_blur_strength=&#187;quote_text_shadow_style,%91object Object%93&#8243; quote_text_shadow_blur_strength_tablet=&#187;1px&#187; header_text_shadow_horizontal_length=&#187;header_text_shadow_style,%91object Object%93&#8243; header_text_shadow_horizontal_length_tablet=&#187;0px&#187; header_text_shadow_vertical_length=&#187;header_text_shadow_style,%91object Object%93&#8243; header_text_shadow_vertical_length_tablet=&#187;0px&#187; header_text_shadow_blur_strength=&#187;header_text_shadow_style,%91object Object%93&#8243; header_text_shadow_blur_strength_tablet=&#187;1px&#187; header_2_text_shadow_horizontal_length=&#187;header_2_text_shadow_style,%91object Object%93&#8243; header_2_text_shadow_horizontal_length_tablet=&#187;0px&#187; header_2_text_shadow_vertical_length=&#187;header_2_text_shadow_style,%91object Object%93&#8243; header_2_text_shadow_vertical_length_tablet=&#187;0px&#187; header_2_text_shadow_blur_strength=&#187;header_2_text_shadow_style,%91object Object%93&#8243; header_2_text_shadow_blur_strength_tablet=&#187;1px&#187; header_3_text_shadow_horizontal_length=&#187;header_3_text_shadow_style,%91object Object%93&#8243; header_3_text_shadow_horizontal_length_tablet=&#187;0px&#187; header_3_text_shadow_vertical_length=&#187;header_3_text_shadow_style,%91object Object%93&#8243; header_3_text_shadow_vertical_length_tablet=&#187;0px&#187; header_3_text_shadow_blur_strength=&#187;header_3_text_shadow_style,%91object Object%93&#8243; header_3_text_shadow_blur_strength_tablet=&#187;1px&#187; header_4_text_shadow_horizontal_length=&#187;header_4_text_shadow_style,%91object Object%93&#8243; header_4_text_shadow_horizontal_length_tablet=&#187;0px&#187; header_4_text_shadow_vertical_length=&#187;header_4_text_shadow_style,%91object Object%93&#8243; header_4_text_shadow_vertical_length_tablet=&#187;0px&#187; header_4_text_shadow_blur_strength=&#187;header_4_text_shadow_style,%91object Object%93&#8243; header_4_text_shadow_blur_strength_tablet=&#187;1px&#187; header_5_text_shadow_horizontal_length=&#187;header_5_text_shadow_style,%91object Object%93&#8243; header_5_text_shadow_horizontal_length_tablet=&#187;0px&#187; header_5_text_shadow_vertical_length=&#187;header_5_text_shadow_style,%91object Object%93&#8243; header_5_text_shadow_vertical_length_tablet=&#187;0px&#187; header_5_text_shadow_blur_strength=&#187;header_5_text_shadow_style,%91object Object%93&#8243; header_5_text_shadow_blur_strength_tablet=&#187;1px&#187; header_6_text_shadow_horizontal_length=&#187;header_6_text_shadow_style,%91object Object%93&#8243; header_6_text_shadow_horizontal_length_tablet=&#187;0px&#187; header_6_text_shadow_vertical_length=&#187;header_6_text_shadow_style,%91object Object%93&#8243; header_6_text_shadow_vertical_length_tablet=&#187;0px&#187; header_6_text_shadow_blur_strength=&#187;header_6_text_shadow_style,%91object Object%93&#8243; header_6_text_shadow_blur_strength_tablet=&#187;1px&#187; box_shadow_horizontal_tablet=&#187;0px&#187; box_shadow_vertical_tablet=&#187;0px&#187; box_shadow_blur_tablet=&#187;40px&#187; box_shadow_spread_tablet=&#187;0px&#187; vertical_offset_tablet=&#187;0&#8243; horizontal_offset_tablet=&#187;0&#8243; z_index_tablet=&#187;0&#8243;]<\/p>\n<h2>\u00abHaver\u00f6n Lohi\u00bb &#8212; \u041d\u0435\u043f\u0440\u0435\u0440\u044b\u0432\u043d\u0430\u044f \u0446\u0435\u043f\u044c \u0437\u0430\u043c\u043e\u0440\u043e\u0437\u043a\u0438 \u0438 \u0431\u044b\u0441\u0442\u0440\u0430\u044f \u0434\u043e\u0441\u0442\u0430\u0432\u043a\u0430<\/h2>\n<p>\u0422\u043e\u043b\u044c\u043a\u043e \u043d\u0435\u043f\u0440\u0435\u0440\u044b\u0432\u043d\u0430\u044f \u0446\u0435\u043f\u044c \u0437\u0430\u043c\u043e\u0440\u043e\u0437\u043a\u0438 \u0438 \u0431\u044b\u0441\u0442\u0440\u0430\u044f \u0434\u043e\u0441\u0442\u0430\u0432\u043a\u0430 \u043a\u043b\u0438\u0435\u043d\u0442\u0443 \u0433\u0430\u0440\u0430\u043d\u0442\u0438\u0440\u0443\u044e\u0442 \u043a\u0430\u0447\u0435\u0441\u0442\u0432\u043e \u201cSuperior +\u201d.<\/p>\n<p>\u041f\u043e\u043f\u0440\u043e\u0431\u0443\u0439\u0442\u0435 \u043d\u0430\u0448\u0443 \u043f\u0440\u043e\u0434\u0443\u043a\u0446\u0438\u044e \u0438 \u0432\u044b \u0431\u0443\u0434\u0435\u0442\u0435 \u043f\u0440\u0438\u044f\u0442\u043d\u043e \u0443\u0434\u0438\u0432\u043b\u0435\u043d\u044b \u043a\u0430\u0447\u0435\u0441\u0442\u0432\u043e\u043c \u0438 \u0432\u043a\u0443\u0441\u043e\u043c \u0441\u0432\u0435\u0436\u0435\u0439 \u0440\u044b\u0431\u044b.<br \/>\n\u0420\u0430\u0434\u0443\u0436\u043d\u0430\u044f \u0444\u043e\u0440\u0435\u043b\u044c \u0434\u043e\u0441\u0442\u0443\u043f\u043d\u0430 \u043a\u0430\u043a \u0446\u0435\u043b\u0438\u043a\u043e\u043c (\u0441\u0432\u0435\u0436\u0430\u044f \u0438 \u043f\u043e\u0442\u0440\u043e\u0448\u0435\u043d\u0430\u044f), \u0442\u0430\u043a \u0438 \u0432 \u0432\u0438\u0434\u0435 \u0444\u0438\u043b\u0435. \u0412\u044b\u0431\u0435\u0440\u0438\u0442\u0435 \u0432\u0430\u0440\u0438\u0430\u043d\u0442 \u043d\u0430 \u0441\u0432\u043e\u0439 \u0432\u043a\u0443\u0441!<\/p>\n<h3>\u0417\u0430\u043c\u043e\u0440\u043e\u0436\u0435\u043d\u043d\u044b\u0435 \u043f\u0440\u043e\u0434\u0443\u043a\u0442\u044b \u0437\u0430 24 \u0447\u0430\u0441\u0430<\/h3>\n<p>\u0411\u043b\u0430\u0433\u043e\u0434\u0430\u0440\u044f \u043a\u043e\u043d\u0446\u0435\u043f\u0446\u0438\u0438 \u043f\u0440\u043e\u0438\u0437\u0432\u043e\u0434\u0441\u0442\u0432\u0430 \u0437\u0430 24 \u0447\u0430\u0441\u0430 \u043c\u044b \u043c\u043e\u0436\u0435\u043c \u043f\u0440\u0435\u0434\u043b\u043e\u0436\u0438\u0442\u044c \u0441\u0432\u043e\u0438\u043c \u043a\u043b\u0438\u0435\u043d\u0442\u0430\u043c \u0444\u0438\u043b\u0435 \u0444\u043e\u0440\u0435\u043b\u0438 \u0438 \u043f\u0440\u043e\u0434\u0443\u043a\u0442\u044b \u0438\u0437 \u0438\u043a\u0440\u044b \u0438\u0437 \u043b\u0443\u0447\u0448\u0438\u0445 \u0440\u044b\u0431\u043e\u043f\u0440\u043e\u043c\u044b\u0441\u043b\u043e\u0432\u044b\u0445 \u0440\u0430\u0439\u043e\u043d\u043e\u0432 \u043a\u0430\u043a \u0432 \u0441\u0432\u0435\u0436\u0435\u043c, \u0442\u0430\u043a \u0438 \u0432 \u0437\u0430\u043c\u043e\u0440\u043e\u0436\u0435\u043d\u043d\u043e\u043c \u0432\u0438\u0434\u0435. \u0421\u0432\u0435\u0436\u0438\u0435 \u043f\u0440\u043e\u0434\u0443\u043a\u0442\u044b \u043f\u043e\u0441\u0442\u0430\u0432\u043b\u044f\u044e\u0442\u0441\u044f \u043e\u0445\u043b\u0430\u0436\u0434\u0435\u043d\u043d\u044b\u043c\u0438 (0\u20133\u00b0C) \u0438\u043b\u0438 \u0437\u0430\u043c\u043e\u0440\u043e\u0436\u0435\u043d\u043d\u044b\u043c\u0438.<\/p>\n<p>[\/et_pb_text][\/et_pb_column][et_pb_column type=&#187;1_3&#8243; custom_padding__hover=&#187;|||&#187; custom_padding=&#187;|||&#187;][et_pb_code _builder_version=&#187;3.0.61&#8243; max_width=&#187;250px&#187; custom_css_main_element=&#187;text-align: center;&#187;]<a href=\"https:\/\/www.oivahymy.fi\/hae-yrityksia\/#text=haver%F6n%20lohi&#038;\" target=\"_blank\" rel=\"noopener noreferrer\"><img decoding=\"async\" src=\"https:\/\/www.haveronlohi.fi\/wp-content\/uploads\/2017\/06\/oiva_sinettilogo_rgb.gif\" alt=\"Haver\u00f6n Lohi Oy - Oiva Raportti\" \/>\u041d\u0430\u0448 \u041e\u0439\u0432-\u043e\u0442\u0447\u0435\u0442<\/a>[\/et_pb_code][\/et_pb_column][\/et_pb_row][\/et_pb_section]<\/p>\n","protected":false},"excerpt":{"rendered":"<p>&#171;Haver\u00f6n Lohi&#187; \u2013 \u0421\u0432\u0435\u0436\u0430\u0439\u0448\u0430\u044f \u0440\u0430\u0434\u0443\u0436\u043d\u0430\u044f \u0444\u043e\u0440\u0435\u043b\u044c \u0434\u043b\u044f \u0432\u0430\u0448\u0435\u0433\u043e \u0441\u0442\u043e\u043b\u0430 \u0438 \u0441\u0432\u0435\u0436\u0430\u044f \u0441\u043e\u043b\u0435\u043d\u0430\u044f \u0438\u043a\u0440\u0430 \u0434\u043b\u044f \u0433\u0443\u0440\u043c\u0430\u043d\u043e\u0432! \u041e\u0447\u0438\u0441\u0442\u043a\u0430, \u0437\u0430\u043c\u043e\u0440\u043e\u0437\u043a\u0430, \u0440\u0430\u0437\u0434\u0435\u043b\u043a\u0430 \u0438 \u0443\u043f\u0430\u043a\u043e\u0432\u043a\u0430 \u0440\u044b\u0431\u044b \u043e\u0441\u0443\u0449\u0435\u0441\u0442\u0432\u043b\u044f\u044e\u0442\u0441\u044f \u0432 \u0434\u0435\u043d\u044c \u043e\u0442\u043f\u0440\u0430\u0432\u043a\u0438 \u043a\u043b\u0438\u0435\u043d\u0442\u0443. \u00abHaver\u00f6n Lohi\u00bb &#8212; \u041d\u0435\u043f\u0440\u0435\u0440\u044b\u0432\u043d\u0430\u044f \u0446\u0435\u043f\u044c \u0437\u0430\u043c\u043e\u0440\u043e\u0437\u043a\u0438 \u0438 \u0431\u044b\u0441\u0442\u0440\u0430\u044f \u0434\u043e\u0441\u0442\u0430\u0432\u043a\u0430 \u0422\u043e\u043b\u044c\u043a\u043e \u043d\u0435\u043f\u0440\u0435\u0440\u044b\u0432\u043d\u0430\u044f \u0446\u0435\u043f\u044c \u0437\u0430\u043c\u043e\u0440\u043e\u0437\u043a\u0438 \u0438 \u0431\u044b\u0441\u0442\u0440\u0430\u044f \u0434\u043e\u0441\u0442\u0430\u0432\u043a\u0430 \u043a\u043b\u0438\u0435\u043d\u0442\u0443 \u0433\u0430\u0440\u0430\u043d\u0442\u0438\u0440\u0443\u044e\u0442 \u043a\u0430\u0447\u0435\u0441\u0442\u0432\u043e \u201cSuperior +\u201d. \u041f\u043e\u043f\u0440\u043e\u0431\u0443\u0439\u0442\u0435 \u043d\u0430\u0448\u0443 \u043f\u0440\u043e\u0434\u0443\u043a\u0446\u0438\u044e \u0438 \u0432\u044b \u0431\u0443\u0434\u0435\u0442\u0435 \u043f\u0440\u0438\u044f\u0442\u043d\u043e \u0443\u0434\u0438\u0432\u043b\u0435\u043d\u044b [&hellip;]<\/p>\n","protected":false},"author":1,"featured_media":0,"parent":0,"menu_order":0,"comment_status":"closed","ping_status":"closed","template":"","meta":{"_et_pb_use_builder":"on","_et_pb_old_content":"<p>Haver\u00f6n Lohi - Tuoreimmat kirjolohet ruokap\u00f6ytiin ja tuorem\u00e4ti suolattu gourmet hetkiin!<br \/> Kalat perataan, j\u00e4\u00e4hdytet\u00e4\u00e4n ja fileoidaan sek\u00e4 pakataan samana p\u00e4iv\u00e4n\u00e4 kun ne jo matkaavat asiakkaille.<\/p><h2>Tuore kala on meille kunnia-asia<\/h2><p>Vain aukoton kylm\u00e4ketju ja nopea toimitus asiakkaalle takaa tomittamamme superior + laadun.<\/p><p>Kokeile tuotteitamme ja vaikutu tuoreen kalan laadusta sek\u00e4 mausta.<\/p><p>Kirjolohi kokonainen tuore(perattu) Kirjolohifile tuore valitse itse kumman haluat!<\/p><p>Tuoreet kirjolohifileet ja m\u00e4tituotteet vankalla ammattitaidolla ha huipputuoreina my\u00f6s pakasteet 24h konseptilla parhailta kalavesilt\u00e4. Tuoreina 0-3C j\u00e4\u00e4hdytettyn\u00e4 taikka pakasteina.<\/p>","_et_gb_content_width":"","footnotes":""},"class_list":["post-428","page","type-page","status-publish","hentry"],"_links":{"self":[{"href":"https:\/\/www.haveronlohi.fi\/ru\/wp-json\/wp\/v2\/pages\/428","targetHints":{"allow":["GET"]}}],"collection":[{"href":"https:\/\/www.haveronlohi.fi\/ru\/wp-json\/wp\/v2\/pages"}],"about":[{"href":"https:\/\/www.haveronlohi.fi\/ru\/wp-json\/wp\/v2\/types\/page"}],"author":[{"embeddable":true,"href":"https:\/\/www.haveronlohi.fi\/ru\/wp-json\/wp\/v2\/users\/1"}],"replies":[{"embeddable":true,"href":"https:\/\/www.haveronlohi.fi\/ru\/wp-json\/wp\/v2\/comments?post=428"}],"version-history":[{"count":0,"href":"https:\/\/www.haveronlohi.fi\/ru\/wp-json\/wp\/v2\/pages\/428\/revisions"}],"wp:attachment":[{"href":"https:\/\/www.haveronlohi.fi\/ru\/wp-json\/wp\/v2\/media?parent=428"}],"curies":[{"name":"wp","href":"https:\/\/api.w.org\/{rel}","templated":true}]}}