{"id":412,"date":"2017-07-07T14:10:20","date_gmt":"2017-07-07T11:10:20","guid":{"rendered":"https:\/\/www.haveronlohi.fi\/?page_id=412\/"},"modified":"2017-07-07T14:23:54","modified_gmt":"2017-07-07T11:23:54","slug":"environment","status":"publish","type":"page","link":"https:\/\/www.haveronlohi.fi\/en\/environment\/","title":{"rendered":"Environment"},"content":{"rendered":"<p>[et_pb_section bb_built=&#8221;1&#8243; fullwidth=&#8221;on&#8221; specialty=&#8221;off&#8221;][et_pb_fullwidth_header _builder_version=&#8221;3.0.59&#8243; text_orientation=&#8221;left&#8221; header_fullscreen=&#8221;off&#8221; header_scroll_down=&#8221;off&#8221; image_orientation=&#8221;center&#8221; background_layout=&#8221;dark&#8221; content_orientation=&#8221;center&#8221; custom_button_two=&#8221;off&#8221; button_two_letter_spacing=&#8221;0&#8243; button_two_icon_placement=&#8221;right&#8221; button_two_letter_spacing_hover=&#8221;0&#8243; custom_button_one=&#8221;off&#8221; button_one_letter_spacing=&#8221;0&#8243; button_one_icon_placement=&#8221;right&#8221; button_one_letter_spacing_hover=&#8221;0&#8243; background_image=&#8221;https:\/\/www.haveronlohi.fi\/wp-content\/uploads\/2017\/06\/kirjolohi.jpg&#8221; title_font_size=&#8221;40px&#8221; custom_css_main_element=&#8221;min-height: 420px !important;&#8221; \/][\/et_pb_section][et_pb_section bb_built=&#8221;1&#8243;][et_pb_row][et_pb_column type=&#8221;1_2&#8243;][et_pb_text _builder_version=&#8221;3.0.60&#8243; background_layout=&#8221;light&#8221; text_orientation=&#8221;left&#8221; border_style=&#8221;solid&#8221;]<\/p>\n<h1>Environment<\/h1>\n<p>Haver\u00f6 Lohi Oy&#8217;s leading motive is the well-being of the fish and the environment! Therefore, in recent years, we have invested in a variety of activities to support various environmental projects. Among other things, a biochemical wastewater treatment (as a by-product of the compost) and a new innovation called Baltic Sea Fodder currently in use and under testing. One can say that the development work is continuous and entirely based on the conditions set by the environment.<\/p>\n<h2>The fishery load on the water is small<\/h2>\n<p>&#8220;The total load of fish farming and the operating load has fallen considerably since the early 1990s. The eutrophication effect of salmon farming production chain decreased by 26 percent relative to Finland&#8217;s production rate in 2002-2009. The share of fish farming accounts for 1-2 percent of the nutrient load of watercourses &#8221;<\/p>\n<p>More on the matter: <a href=\"http:\/\/www.kalankasvatus.fi\/kalanviljely\/kalanviljely-ja-ymparisto\/\" target=\"_blank\" rel=\"noopener\">Finnish Fish Farmers\u2019 Association<\/a><\/p>\n<p>[\/et_pb_text][\/et_pb_column][et_pb_column type=&#8221;1_2&#8243;][et_pb_image _builder_version=&#8221;3.0.59&#8243; src=&#8221;https:\/\/www.haveronlohi.fi\/wp-content\/uploads\/2017\/06\/rehun-k\u00e4ytt\u00f6.jpg&#8221; show_in_lightbox=&#8221;off&#8221; url_new_window=&#8221;off&#8221; use_overlay=&#8221;off&#8221; sticky=&#8221;off&#8221; align=&#8221;left&#8221; always_center_on_mobile=&#8221;on&#8221; border_style=&#8221;solid&#8221; force_fullwidth=&#8221;off&#8221; \/][\/et_pb_column][\/et_pb_row][\/et_pb_section]<\/p>\n","protected":false},"excerpt":{"rendered":"<p><div class=\"et_pb_row et_pb_row_0 et_pb_row_empty\">\n\t\t\t\t\n\t\t\t\t\n\t\t\t\t\n\t\t\t\t\n\t\t\t\t\n\t\t\t<\/div> Environment Haver\u00f6 Lohi Oy&#8217;s leading motive is the well-being of the fish and the environment! Therefore, in recent years, we have invested in a variety of activities to support various environmental projects. Among other things, a biochemical wastewater treatment (as a by-product of the compost) and a new innovation called Baltic Sea Fodder currently [&hellip;]<\/p>\n","protected":false},"author":1,"featured_media":0,"parent":0,"menu_order":0,"comment_status":"closed","ping_status":"closed","template":"","meta":{"_et_pb_use_builder":"on","_et_pb_old_content":"<p>Toimintamme johtoajatuksena on kalan ja ymp\u00e4rist\u00f6n hyvinvointi! Niinp\u00e4 olemmekin investoineet viime vuosina runsaasti toimintaa tukeviin eri ymp\u00e4rist\u00f6henkkeisiin m.m. biologiskemiallinen j\u00e4tevedenpuhdistamo-sivutuote kompostoreineen sek\u00e4 uutena innovaationa ns. it\u00e4meririehu k\u00e4yt\u00f6ss\u00e4 ja kokeilussa. Voidaankin sanoa kehitysty\u00f6n jatkuvaa ymp\u00e4rist\u00f6n ehdoilla.<\/p>","_et_gb_content_width":"","footnotes":""},"class_list":["post-412","page","type-page","status-publish","hentry"],"_links":{"self":[{"href":"https:\/\/www.haveronlohi.fi\/en\/wp-json\/wp\/v2\/pages\/412","targetHints":{"allow":["GET"]}}],"collection":[{"href":"https:\/\/www.haveronlohi.fi\/en\/wp-json\/wp\/v2\/pages"}],"about":[{"href":"https:\/\/www.haveronlohi.fi\/en\/wp-json\/wp\/v2\/types\/page"}],"author":[{"embeddable":true,"href":"https:\/\/www.haveronlohi.fi\/en\/wp-json\/wp\/v2\/users\/1"}],"replies":[{"embeddable":true,"href":"https:\/\/www.haveronlohi.fi\/en\/wp-json\/wp\/v2\/comments?post=412"}],"version-history":[{"count":0,"href":"https:\/\/www.haveronlohi.fi\/en\/wp-json\/wp\/v2\/pages\/412\/revisions"}],"wp:attachment":[{"href":"https:\/\/www.haveronlohi.fi\/en\/wp-json\/wp\/v2\/media?parent=412"}],"curies":[{"name":"wp","href":"https:\/\/api.w.org\/{rel}","templated":true}]}}