{"id":408,"date":"2017-07-07T14:08:26","date_gmt":"2017-07-07T11:08:26","guid":{"rendered":"https:\/\/www.haveronlohi.fi\/?page_id=408\/"},"modified":"2017-07-07T14:20:39","modified_gmt":"2017-07-07T11:20:39","slug":"our-products","status":"publish","type":"page","link":"https:\/\/www.haveronlohi.fi\/en\/our-products\/","title":{"rendered":"Our products"},"content":{"rendered":"<p>[et_pb_section bb_built=&#8221;1&#8243; fullwidth=&#8221;on&#8221; specialty=&#8221;off&#8221;][et_pb_fullwidth_header _builder_version=&#8221;3.0.59&#8243; background_image=&#8221;https:\/\/www.haveronlohi.fi\/wp-content\/uploads\/2017\/07\/kalan-perkaus.jpg&#8221; text_orientation=&#8221;left&#8221; header_fullscreen=&#8221;off&#8221; header_scroll_down=&#8221;off&#8221; image_orientation=&#8221;center&#8221; background_layout=&#8221;light&#8221; content_orientation=&#8221;center&#8221; custom_button_two=&#8221;off&#8221; button_two_letter_spacing=&#8221;0&#8243; button_two_icon_placement=&#8221;right&#8221; button_two_letter_spacing_hover=&#8221;0&#8243; custom_button_one=&#8221;off&#8221; button_one_letter_spacing=&#8221;0&#8243; button_one_icon_placement=&#8221;right&#8221; button_one_letter_spacing_hover=&#8221;0&#8243; custom_css_main_element=&#8221;min-height: 420px;&#8221; \/][\/et_pb_section][et_pb_section bb_built=&#8221;1&#8243;][et_pb_row][et_pb_column type=&#8221;1_2&#8243;][et_pb_text _builder_version=&#8221;3.0.60&#8243; background_layout=&#8221;light&#8221; text_orientation=&#8221;left&#8221; border_style=&#8221;solid&#8221;]<\/p>\n<h1>Our Products<\/h1>\n<p>&nbsp;<\/p>\n<h2>Rainbow trout<\/h2>\n<p>Rainbow salmon, fresh and cleaned \/ frozen and packed \/ glazed<br \/>\nRainbow salmon, fresh \/ vacuum packed \/ frozen<br \/>\nFile Info: Trims A, B, C, and eg. B<\/p>\n<h3>Fish roe and other products<\/h3>\n<p>Rainbows, fresh and frozen.<br \/>\nSalted fish room, pack sizes 200g, 500g and 1kg.<br \/>\nEven fat and salmon pulp! For example. frozen<\/p>\n<p>We can also offer smoky and gravel through our partners!<\/p>\n<p><a href=\"https:\/\/www.haveronlohi.fi\/en\/contact-us\/\">Ask<\/a> for custom products or pack sizes for your needs!<\/p>\n<p>[\/et_pb_text][\/et_pb_column][et_pb_column type=&#8221;1_2&#8243;][et_pb_image _builder_version=&#8221;3.0.59&#8243; src=&#8221;https:\/\/www.haveronlohi.fi\/wp-content\/uploads\/2017\/06\/kirjolohi-pakaste.jpg&#8221; show_in_lightbox=&#8221;off&#8221; url_new_window=&#8221;off&#8221; use_overlay=&#8221;off&#8221; sticky=&#8221;off&#8221; align=&#8221;center&#8221; always_center_on_mobile=&#8221;on&#8221; border_style=&#8221;solid&#8221; force_fullwidth=&#8221;off&#8221; \/][et_pb_image _builder_version=&#8221;3.0.59&#8243; src=&#8221;https:\/\/www.haveronlohi.fi\/wp-content\/uploads\/2017\/06\/matituotteet.jpg&#8221; show_in_lightbox=&#8221;off&#8221; url_new_window=&#8221;off&#8221; use_overlay=&#8221;off&#8221; sticky=&#8221;off&#8221; align=&#8221;center&#8221; always_center_on_mobile=&#8221;on&#8221; border_style=&#8221;solid&#8221; force_fullwidth=&#8221;off&#8221; max_width=&#8221;250px&#8221; \/][\/et_pb_column][\/et_pb_row][\/et_pb_section]<\/p>\n","protected":false},"excerpt":{"rendered":"<p><div class=\"et_pb_row et_pb_row_0 et_pb_row_empty\">\n\t\t\t\t\n\t\t\t\t\n\t\t\t\t\n\t\t\t\t\n\t\t\t\t\n\t\t\t<\/div> Our Products &nbsp; Rainbow trout Rainbow salmon, fresh and cleaned \/ frozen and packed \/ glazed Rainbow salmon, fresh \/ vacuum packed \/ frozen File Info: Trims A, B, C, and eg. B Fish roe and other products Rainbows, fresh and frozen. Salted fish room, pack sizes 200g, 500g and 1kg. Even fat and [&hellip;]<\/p>\n","protected":false},"author":1,"featured_media":0,"parent":0,"menu_order":0,"comment_status":"closed","ping_status":"closed","template":"","meta":{"_et_pb_use_builder":"on","_et_pb_old_content":"Kirjolohi perattu tuore \/ pakastettu pakattu \/ glaseerattu\r\n\r\nKirjolohifile tuore \/ pakattu vacum \/ pakastettu\r\n\r\nFiletiedot: Leikkuuasteet A,B,C sek\u00e4 esim. B-\r\n\r\nMy\u00f6s vatsarasvat ja kirjolohimassa! Esim. Pakasteena.\r\n\r\nKirjolohim\u00e4ti, tuore ja pakastettu.\r\n\r\nSuolattu m\u00e4ti, pakkaskoot 200g, 500g sek\u00e4 1Kg.\r\n\r\nKysy my\u00f6s tarpeisiinne r\u00e4\u00e4t\u00e4l\u00f6ityj\u00e4 tuotteita tai pakkauskokoja.\r\n\r\nSavu- ja graavituotteet voimme valmistaa teille yhteysty\u00f6kumppaneiden avulla!","_et_gb_content_width":"","footnotes":""},"class_list":["post-408","page","type-page","status-publish","hentry"],"_links":{"self":[{"href":"https:\/\/www.haveronlohi.fi\/en\/wp-json\/wp\/v2\/pages\/408","targetHints":{"allow":["GET"]}}],"collection":[{"href":"https:\/\/www.haveronlohi.fi\/en\/wp-json\/wp\/v2\/pages"}],"about":[{"href":"https:\/\/www.haveronlohi.fi\/en\/wp-json\/wp\/v2\/types\/page"}],"author":[{"embeddable":true,"href":"https:\/\/www.haveronlohi.fi\/en\/wp-json\/wp\/v2\/users\/1"}],"replies":[{"embeddable":true,"href":"https:\/\/www.haveronlohi.fi\/en\/wp-json\/wp\/v2\/comments?post=408"}],"version-history":[{"count":0,"href":"https:\/\/www.haveronlohi.fi\/en\/wp-json\/wp\/v2\/pages\/408\/revisions"}],"wp:attachment":[{"href":"https:\/\/www.haveronlohi.fi\/en\/wp-json\/wp\/v2\/media?parent=408"}],"curies":[{"name":"wp","href":"https:\/\/api.w.org\/{rel}","templated":true}]}}