{"id":402,"date":"2017-07-07T14:00:47","date_gmt":"2017-07-07T11:00:47","guid":{"rendered":"https:\/\/www.haveronlohi.fi\/?page_id=402\/"},"modified":"2017-07-07T15:55:40","modified_gmt":"2017-07-07T12:55:40","slug":"misc-products","status":"publish","type":"page","link":"https:\/\/www.haveronlohi.fi\/en\/misc-products\/","title":{"rendered":"Misc products"},"content":{"rendered":"<p>[et_pb_section bb_built=&#8221;1&#8243;][et_pb_row][et_pb_column type=&#8221;4_4&#8243;][et_pb_text _builder_version=&#8221;3.0.60&#8243; background_layout=&#8221;light&#8221; text_orientation=&#8221;left&#8221; border_style=&#8221;solid&#8221;]<\/p>\n<h1>Misc Products<\/h1>\n<h2>Retail trade (freezer products)<\/h2>\n<p>Havcafe Prostvik &#8211; Order fish products<\/p>\n<h3>Holiday rental cottages<\/h3>\n<p>We rent holiday cottages at Haver\u00f6 in Pargas (eg Nauvo). For rent (weekly) there are 2 cottages &#8211; P\u00e4iv\u00f6l\u00e4 and M\u00e4ntyl\u00e4. Both cottages are well-equipped and are located in a sunny location. To the island there is a ferry connection. For long term rentals, our two villas are suitable; Villa Kaskis and Villa Sympis. Check out <a href=\"http:\/\/archipelagobooking.fi\/?p=majoitus&amp;l=en\" target=\"_blank\" rel=\"noopener\">Archipelago Booking &#8211; Long Term Rental<\/a>.<\/p>\n<h4>Other Services<\/h4>\n<p>Consulting, projects, landscaping, construction and painting work.<\/p>\n<h5>Come and work with us<\/h5>\n<p>Mikko Pajula<br \/>\n+358 400 825 842<br \/>\ninfo [at] haveronlohi.fi<\/p>\n<p>[\/et_pb_text][\/et_pb_column][\/et_pb_row][\/et_pb_section]<\/p>\n","protected":false},"excerpt":{"rendered":"<p><div class=\"et_pb_row et_pb_row_0 et_pb_row_empty\">\n\t\t\t\t\n\t\t\t\t\n\t\t\t\t\n\t\t\t\t\n\t\t\t\t\n\t\t\t<\/div> Misc Products Retail trade (freezer products) Havcafe Prostvik &#8211; Order fish products Holiday rental cottages We rent holiday cottages at Haver\u00f6 in Pargas (eg Nauvo). For rent (weekly) there are 2 cottages &#8211; P\u00e4iv\u00f6l\u00e4 and M\u00e4ntyl\u00e4. Both cottages are well-equipped and are located in a sunny location. To the island there is a ferry [&hellip;]<\/p>\n","protected":false},"author":1,"featured_media":0,"parent":0,"menu_order":0,"comment_status":"closed","ping_status":"closed","template":"","meta":{"_et_pb_use_builder":"on","_et_pb_old_content":"<h2>V\u00e4hitt\u00e4ismyynti (pakasteet)<\/h2>\r\nHavcafe Prostvik\r\n<h3>Vuokram\u00f6kit<\/h3>\r\nVuokraamme <a href=\"http:\/\/www.nauvon-paivola.com\/\">lomam\u00f6kkej\u00e4<\/a> Haver\u00f6n saarella Paraisilla (entinen Nauvo). Vuokrattavissa on 2 m\u00f6kki\u00e4 - P\u00e4iv\u00f6l\u00e4 sek\u00e4 M\u00e4ntyl\u00e4. Kumpikin m\u00f6kki on hyvinvarusteltu ja sijaitsevat aurinkoisella paikalla. Saarelle on lauttayhteys.\r\n<h4>Muu<\/h4>\r\nKonsultointi, hankkeet, maanrakennus, rakentaminen ja maalaus.","_et_gb_content_width":"","footnotes":""},"class_list":["post-402","page","type-page","status-publish","hentry"],"_links":{"self":[{"href":"https:\/\/www.haveronlohi.fi\/en\/wp-json\/wp\/v2\/pages\/402","targetHints":{"allow":["GET"]}}],"collection":[{"href":"https:\/\/www.haveronlohi.fi\/en\/wp-json\/wp\/v2\/pages"}],"about":[{"href":"https:\/\/www.haveronlohi.fi\/en\/wp-json\/wp\/v2\/types\/page"}],"author":[{"embeddable":true,"href":"https:\/\/www.haveronlohi.fi\/en\/wp-json\/wp\/v2\/users\/1"}],"replies":[{"embeddable":true,"href":"https:\/\/www.haveronlohi.fi\/en\/wp-json\/wp\/v2\/comments?post=402"}],"version-history":[{"count":0,"href":"https:\/\/www.haveronlohi.fi\/en\/wp-json\/wp\/v2\/pages\/402\/revisions"}],"wp:attachment":[{"href":"https:\/\/www.haveronlohi.fi\/en\/wp-json\/wp\/v2\/media?parent=402"}],"curies":[{"name":"wp","href":"https:\/\/api.w.org\/{rel}","templated":true}]}}