{"id":400,"date":"2017-07-07T13:57:53","date_gmt":"2017-07-07T10:57:53","guid":{"rendered":"https:\/\/www.haveronlohi.fi\/?page_id=400\/"},"modified":"2017-07-07T13:57:53","modified_gmt":"2017-07-07T10:57:53","slug":"history","status":"publish","type":"page","link":"https:\/\/www.haveronlohi.fi\/en\/history\/","title":{"rendered":"History"},"content":{"rendered":"<p>[et_pb_section bb_built=&#8221;1&#8243; fullwidth=&#8221;on&#8221; specialty=&#8221;off&#8221;][et_pb_fullwidth_header _builder_version=&#8221;3.0.59&#8243; background_image=&#8221;https:\/\/www.haveronlohi.fi\/wp-content\/uploads\/2017\/06\/kalankasvatusallas.jpg&#8221; text_orientation=&#8221;left&#8221; header_fullscreen=&#8221;off&#8221; header_scroll_down=&#8221;off&#8221; image_orientation=&#8221;center&#8221; background_layout=&#8221;light&#8221; content_orientation=&#8221;center&#8221; custom_button_two=&#8221;off&#8221; button_two_letter_spacing=&#8221;0&#8243; button_two_icon_placement=&#8221;right&#8221; button_two_letter_spacing_hover=&#8221;0&#8243; custom_button_one=&#8221;off&#8221; button_one_letter_spacing=&#8221;0&#8243; button_one_icon_placement=&#8221;right&#8221; button_one_letter_spacing_hover=&#8221;0&#8243; custom_css_main_element=&#8221;min-height: 480px !important;&#8221; \/][\/et_pb_section][et_pb_section bb_built=&#8221;1&#8243;][et_pb_row][et_pb_column type=&#8221;2_3&#8243;][et_pb_text _builder_version=&#8221;3.0.60&#8243; background_layout=&#8221;light&#8221; text_orientation=&#8221;left&#8221; border_style=&#8221;solid&#8221;]<\/p>\n<h1>History<\/h1>\n<p>Haver\u00f6&#8217;s business was started in 1984 in Nagu. With the family business passion for fishing and fish products as a driving force, we can serve our Finnish and foreign fish and fishroe friends with the country&#8217;s best products.<br \/>\nThe operations have been developed annually and development work continues continuously to maintain our position as best in our industry.<br \/>\nThe country-famous Haver\u00f6 Fisheries Roe is only one indication of our good product quality and our know-how.<\/p>\n<p>[\/et_pb_text][\/et_pb_column][et_pb_column type=&#8221;1_3&#8243;][\/et_pb_column][\/et_pb_row][\/et_pb_section]<\/p>\n","protected":false},"excerpt":{"rendered":"<p><div class=\"et_pb_row et_pb_row_0 et_pb_row_empty\">\n\t\t\t\t\n\t\t\t\t\n\t\t\t\t\n\t\t\t\t\n\t\t\t\t\n\t\t\t<\/div> History Haver\u00f6&#8217;s business was started in 1984 in Nagu. With the family business passion for fishing and fish products as a driving force, we can serve our Finnish and foreign fish and fishroe friends with the country&#8217;s best products. The operations have been developed annually and development work continues continuously to maintain our position [&hellip;]<\/p>\n","protected":false},"author":1,"featured_media":0,"parent":0,"menu_order":0,"comment_status":"closed","ping_status":"closed","template":"","meta":{"_et_pb_use_builder":"on","_et_pb_old_content":"Haver\u00f6n toiminta on aloitettu 1984 Nauvossa perheyrityksen intohimolla kalaan ja kalatuotteisiin palveleksamme suomalaisia ja ulkomaisia kalan ja m\u00e4din yst\u00e4vi\u00e4 maan parhailla tuotteilla.\r\n\r\nToimintaa kehitetty vuosittain ja kehitysty\u00f6 jatkuu ollaksemme edelleen parhaita alallamme.\r\n\r\nMaankuulu Haver\u00f6n m\u00e4ti on vain yksi osoitus hyv\u00e4st\u00e4 laadustamme ja osaamisestamme.","_et_gb_content_width":"","footnotes":""},"class_list":["post-400","page","type-page","status-publish","hentry"],"_links":{"self":[{"href":"https:\/\/www.haveronlohi.fi\/en\/wp-json\/wp\/v2\/pages\/400","targetHints":{"allow":["GET"]}}],"collection":[{"href":"https:\/\/www.haveronlohi.fi\/en\/wp-json\/wp\/v2\/pages"}],"about":[{"href":"https:\/\/www.haveronlohi.fi\/en\/wp-json\/wp\/v2\/types\/page"}],"author":[{"embeddable":true,"href":"https:\/\/www.haveronlohi.fi\/en\/wp-json\/wp\/v2\/users\/1"}],"replies":[{"embeddable":true,"href":"https:\/\/www.haveronlohi.fi\/en\/wp-json\/wp\/v2\/comments?post=400"}],"version-history":[{"count":0,"href":"https:\/\/www.haveronlohi.fi\/en\/wp-json\/wp\/v2\/pages\/400\/revisions"}],"wp:attachment":[{"href":"https:\/\/www.haveronlohi.fi\/en\/wp-json\/wp\/v2\/media?parent=400"}],"curies":[{"name":"wp","href":"https:\/\/api.w.org\/{rel}","templated":true}]}}